{"id":1643,"date":"2015-02-27T07:43:37","date_gmt":"2015-02-27T07:43:37","guid":{"rendered":"http:\/\/www.eden-training.ch\/persoenlichkeit\/?lang=en"},"modified":"2017-02-19T15:32:04","modified_gmt":"2017-02-19T15:32:04","slug":"persoenlichkeit","status":"publish","type":"page","link":"https:\/\/www.eden-leadership.de\/en\/persoenlichkeit\/","title":{"rendered":"Personality"},"content":{"rendered":"<ul>\n<li>Entdecken Sie Ihre Lebensziele und die dazu passenden Strategien<\/li>\n<li>Entwickeln Sie Leidenschaft und erleben Sie Freude<\/li>\n<li>Entfalten Sie Ihre pers\u00f6nlichen Potenziale<\/li>\n<\/ul>\n<h3>Sie wollen Ihrem Leben Richtung geben, Balance erleben oder sich pers\u00f6nlich weiterentwickeln?<\/h3>\n<p>Wir unterst\u00fctzen Menschen dabei, Ihre Berufung zu entdecken, zu erleben und zu entwickeln. Wir arbeiten mit erprobten Konzepten, bauen unsere Seminare auf wissenschaftlichem Know-How und einer positiven Psychologie auf. Es geht darum, Ihr Lebenskonzept zu entwickeln, es zu hinterfragen bzw. in Balance zu bringen. Wir betrachten Ihre Lebenssituation ganzheitlich und arbeiten an verschiedenen Themen des pers\u00f6nlichen Erfolges.<\/p>\n","protected":false},"excerpt":{"rendered":"Entdecken Sie Ihre Lebensziele und die dazu passenden Strategien Entwickeln Sie Leidenschaft und erleben Sie Freude Entfalten Sie Ihre pers\u00f6nlichen Potenziale Sie wollen Ihrem Leben Richtung geben, Balance erleben oder sich pers\u00f6nlich weiterentwickeln? Wir unterst\u00fctzen Menschen dabei, Ihre Berufung zu entdecken, zu erleben und zu entwickeln. Wir arbeiten mit erprobten Konzepten, bauen unsere Seminare auf&#8230; <a class=\"view-article\" href=\"https:\/\/www.eden-leadership.de\/en\/persoenlichkeit\/\">View Article<\/a>","protected":false},"author":1,"featured_media":0,"parent":0,"menu_order":2,"comment_status":"open","ping_status":"open","template":"template-bereich-persoenlichkeit.php","meta":[],"_links":{"self":[{"href":"https:\/\/www.eden-leadership.de\/en\/wp-json\/wp\/v2\/pages\/1643"}],"collection":[{"href":"https:\/\/www.eden-leadership.de\/en\/wp-json\/wp\/v2\/pages"}],"about":[{"href":"https:\/\/www.eden-leadership.de\/en\/wp-json\/wp\/v2\/types\/page"}],"author":[{"embeddable":true,"href":"https:\/\/www.eden-leadership.de\/en\/wp-json\/wp\/v2\/users\/1"}],"replies":[{"embeddable":true,"href":"https:\/\/www.eden-leadership.de\/en\/wp-json\/wp\/v2\/comments?post=1643"}],"version-history":[{"count":8,"href":"https:\/\/www.eden-leadership.de\/en\/wp-json\/wp\/v2\/pages\/1643\/revisions"}],"predecessor-version":[{"id":2261,"href":"https:\/\/www.eden-leadership.de\/en\/wp-json\/wp\/v2\/pages\/1643\/revisions\/2261"}],"wp:attachment":[{"href":"https:\/\/www.eden-leadership.de\/en\/wp-json\/wp\/v2\/media?parent=1643"}],"curies":[{"name":"wp","href":"https:\/\/api.w.org\/{rel}","templated":true}]}}